{"id":2077,"date":"2020-05-28T14:43:17","date_gmt":"2020-05-28T12:43:17","guid":{"rendered":"https:\/\/welti-art.ch\/?page_id=2077"},"modified":"2026-04-19T11:33:41","modified_gmt":"2026-04-19T09:33:41","slug":"thomas-welti","status":"publish","type":"page","link":"https:\/\/welti-art.ch\/it\/","title":{"rendered":"Thomas Welti"},"content":{"rendered":"<div class=\"rl-gallery-container splide rl-loading\" id=\"rl-gallery-container-1\" data-gallery_id=\"7369\"> <div class=\"rl-gallery rl-basicslider-gallery splide__track \" id=\"rl-gallery-1\" data-gallery_no=\"1\"> <ul class=\"splide__list\"> <li class=\"rl-gallery-item splide__slide\" data-thumb=\"https:\/\/welti-art.ch\/wp-content\/uploads\/2025\/12\/Startseite_1_Hauptbild.jpg\"> <a href=\"https:\/\/welti-art.ch\/wp-content\/uploads\/2025\/12\/Startseite_1_Hauptbild.jpg\" title=\"\" data-rl_title=\"\" class=\"rl-gallery-link\" data-rl_caption=\"\" data-rel=\"norl\"><img loading=\"lazy\" decoding=\"async\" src=\"https:\/\/welti-art.ch\/wp-content\/uploads\/2025\/12\/Startseite_1_Hauptbild.jpg\" width=\"960\" height=\"409\" alt=\"\" \/><\/a> <\/li> <li class=\"rl-gallery-item splide__slide\" data-thumb=\"https:\/\/welti-art.ch\/wp-content\/uploads\/2025\/12\/Startseite_2_Hauptbild.jpg\"> <a href=\"https:\/\/welti-art.ch\/wp-content\/uploads\/2025\/12\/Startseite_2_Hauptbild.jpg\" title=\"\" data-rl_title=\"\" class=\"rl-gallery-link\" data-rl_caption=\"\" data-rel=\"norl\"><img loading=\"lazy\" decoding=\"async\" src=\"https:\/\/welti-art.ch\/wp-content\/uploads\/2025\/12\/Startseite_2_Hauptbild.jpg\" width=\"960\" height=\"409\" alt=\"\" \/><\/a> <\/li> <li class=\"rl-gallery-item splide__slide\" data-thumb=\"https:\/\/welti-art.ch\/wp-content\/uploads\/2025\/12\/Startseite_3_Hauptbild.jpg\"> <a href=\"https:\/\/welti-art.ch\/wp-content\/uploads\/2025\/12\/Startseite_3_Hauptbild.jpg\" title=\"\" data-rl_title=\"\" class=\"rl-gallery-link\" data-rl_caption=\"\" data-rel=\"norl\"><img loading=\"lazy\" decoding=\"async\" src=\"https:\/\/welti-art.ch\/wp-content\/uploads\/2025\/12\/Startseite_3_Hauptbild.jpg\" width=\"960\" height=\"409\" alt=\"\" \/><\/a> <\/li> <li class=\"rl-gallery-item splide__slide\" data-thumb=\"https:\/\/welti-art.ch\/wp-content\/uploads\/2025\/12\/Startseite_4_Hauptbild.jpg\"> <a href=\"https:\/\/welti-art.ch\/wp-content\/uploads\/2025\/12\/Startseite_4_Hauptbild.jpg\" title=\"\" data-rl_title=\"\" class=\"rl-gallery-link\" data-rl_caption=\"\" data-rel=\"norl\"><img loading=\"lazy\" decoding=\"async\" src=\"https:\/\/welti-art.ch\/wp-content\/uploads\/2025\/12\/Startseite_4_Hauptbild.jpg\" width=\"960\" height=\"410\" alt=\"\" \/><\/a> <\/li> <\/ul> <\/div> <\/div>\n\n\n\n<p><br><strong>Thomas Welti<\/strong><br>Nato nel 1955 e cresciuto a CH-Baden. 1993 ha studiato scultura alla Scuola di design di Zurigo. Ha seguito vari corsi di perfezionamento di scultura. Dal 1996 studio proprio a Ghizzano di Peccioli \/ Pisa (Toscana).<\/p>\n\n\n<\/p>\n<p><strong><img decoding=\"async\" class=\"wp-image-1532 alignleft\" src=\"https:\/\/welti-art.ch\/wp-content\/uploads\/2020\/04\/Thomas-Welti_300.jpg\" alt=\"\" width=\"120\" srcset=\"https:\/\/welti-art.ch\/wp-content\/uploads\/2020\/04\/Thomas-Welti_300.jpg 300w, https:\/\/welti-art.ch\/wp-content\/uploads\/2020\/04\/Thomas-Welti_300-237x300.jpg 237w\" sizes=\"(max-width: 300px) 100vw, 300px\" \/>\u00abCome scultore, penso che estetica, eleganza, sensualit\u00e0, armonia, simmetria e dinamica sono i concetti della bellezza fisica di una persona. La bellezza spirituale completa l\u2019uomo quando vi \u00e8 anche una bella anima&#8230;\u00bb<br \/><\/strong>Thomas Welti<\/p>\n<\/p>\n\n\n<p><\/p>\n\n\n\n<p>L\u2018opera scultorea di Thomas Welti combina il concetto contemporaneo di forma con il vecchio mestiere dello scultore e del ceramista. Il soggetto principale del suo lavoro \u00e8 il corpo umano, in particolare il nudo femminile, nella sua rappresentazione leggermente astratta. Le sue forme irradiano armonia e sensualit\u00e0 e stimolano lo spettatore a gestire le sue opere. Le sculture affascinano attraverso la connessione tra astrazione e figurazione, la tensione tra rendere visibile e nascondere, la sicurezza nella gestione del materiale, la fisicit\u00e0 e la sensualit\u00e0 della superficie, che \u00e8 il risultato di intense rifflessioni negli anni lavorativi dell\u2018artista.<br>Gli opposti come volume e cavit\u00e0, superfici e linee, movimento e statica, esistenza e assenza creano un\u2018interazione armoniosa. Le sue opere sono una fusione di spirito, artigianato e materiale. Opere d\u2019arte che offrono un piacere immediato e incoraggiano lo spettatore ad entrare in empatia.<\/p>\n\n\n\n<p>Istruttore di arti plastiche presso accademie d\u2019arte in Svizzera, Germania, Austria e Italia. Esposizioni in Svizzera e all\u2018estero. Esposizioni in Svizzera e all\u2019estero.<\/p>\n\n\n\n<hr class=\"wp-block-separator has-css-opacity is-style-wide\"\/>\n\n\n\n<figure class=\"wp-block-image size-large\"><img decoding=\"async\" src=\"https:\/\/welti-art.ch\/wp-content\/uploads\/2025\/02\/2025_Feedback-Artoboxy_Eglisch-849x1024.jpg\" alt=\"\" class=\"wp-image-6393\"\/><\/figure>\n\n\n\n<hr class=\"wp-block-separator has-css-opacity is-style-wide\"\/>\n","protected":false},"excerpt":{"rendered":"<p>Thomas WeltiNato nel 1955 e cresciuto a CH-Baden. 1993 ha studiato scultura alla Scuola di design di Zurigo. Ha seguito vari corsi di perfezionamento di scultura. Dal 1996 studio proprio a Ghizzano di Peccioli \/ Pisa (Toscana). \u00abCome scultore, penso che estetica, eleganza, sensualit\u00e0, armonia, simmetria &hellip; <\/p>\n<p><a href=\"https:\/\/welti-art.ch\/it\/\" class=\"more-link\"><span class=\"morelink-icon\">Read more<\/span><\/a><\/p>\n","protected":false},"author":3,"featured_media":0,"parent":0,"menu_order":0,"comment_status":"closed","ping_status":"closed","template":"page-templates\/full-width.php","meta":{"_exactmetrics_skip_tracking":false,"_exactmetrics_sitenote_active":false,"_exactmetrics_sitenote_note":"","_exactmetrics_sitenote_category":0,"footnotes":""},"class_list":["post-2077","page","type-page","status-publish","hentry"],"yoast_head":"<!-- This site is optimized with the Yoast SEO plugin v27.4 - https:\/\/yoast.com\/product\/yoast-seo-wordpress\/ -->\n<title>Thomas Welti | welti-art.ch<\/title>\n<meta name=\"description\" content=\"Nato nel 1955 e cresciuto a CH-Baden. 1993 ha studiato scultura alla Scuola di design di Zurigo. Ha seguito vari corsi di perfezionamento.\" \/>\n<meta name=\"robots\" content=\"index, follow, max-snippet:-1, max-image-preview:large, max-video-preview:-1\" \/>\n<link rel=\"canonical\" href=\"https:\/\/welti-art.ch\/it\/\" \/>\n<meta property=\"og:locale\" content=\"it_IT\" \/>\n<meta property=\"og:type\" content=\"article\" \/>\n<meta property=\"og:title\" content=\"Thomas Welti | welti-art.ch\" \/>\n<meta property=\"og:description\" content=\"Nato nel 1955 e cresciuto a CH-Baden. 1993 ha studiato scultura alla Scuola di design di Zurigo. Ha seguito vari corsi di perfezionamento.\" \/>\n<meta property=\"og:url\" content=\"https:\/\/welti-art.ch\/it\/\" \/>\n<meta property=\"og:site_name\" content=\"welti-art.ch\" \/>\n<meta property=\"article:modified_time\" content=\"2026-04-19T09:33:41+00:00\" \/>\n<meta property=\"og:image\" content=\"https:\/\/welti-art.ch\/wp-content\/uploads\/2020\/04\/Thomas-Welti_300.jpg\" \/>\n<meta name=\"twitter:label1\" content=\"Tempo di lettura stimato\" \/>\n\t<meta name=\"twitter:data1\" content=\"2 minuti\" \/>\n<script type=\"application\/ld+json\" class=\"yoast-schema-graph\">{\"@context\":\"https:\\\/\\\/schema.org\",\"@graph\":[{\"@type\":\"WebPage\",\"@id\":\"https:\\\/\\\/welti-art.ch\\\/it\\\/\",\"url\":\"https:\\\/\\\/welti-art.ch\\\/it\\\/\",\"name\":\"Thomas Welti | welti-art.ch\",\"isPartOf\":{\"@id\":\"https:\\\/\\\/welti-art.ch\\\/#website\"},\"primaryImageOfPage\":{\"@id\":\"https:\\\/\\\/welti-art.ch\\\/it\\\/#primaryimage\"},\"image\":{\"@id\":\"https:\\\/\\\/welti-art.ch\\\/it\\\/#primaryimage\"},\"thumbnailUrl\":\"https:\\\/\\\/welti-art.ch\\\/wp-content\\\/uploads\\\/2020\\\/04\\\/Thomas-Welti_300.jpg\",\"datePublished\":\"2020-05-28T12:43:17+00:00\",\"dateModified\":\"2026-04-19T09:33:41+00:00\",\"description\":\"Nato nel 1955 e cresciuto a CH-Baden. 1993 ha studiato scultura alla Scuola di design di Zurigo. Ha seguito vari corsi di perfezionamento.\",\"inLanguage\":\"it-IT\",\"potentialAction\":[{\"@type\":\"ReadAction\",\"target\":[\"https:\\\/\\\/welti-art.ch\\\/it\\\/\"]}]},{\"@type\":\"ImageObject\",\"inLanguage\":\"it-IT\",\"@id\":\"https:\\\/\\\/welti-art.ch\\\/it\\\/#primaryimage\",\"url\":\"https:\\\/\\\/welti-art.ch\\\/wp-content\\\/uploads\\\/2020\\\/04\\\/Thomas-Welti_300.jpg\",\"contentUrl\":\"https:\\\/\\\/welti-art.ch\\\/wp-content\\\/uploads\\\/2020\\\/04\\\/Thomas-Welti_300.jpg\"},{\"@type\":\"WebSite\",\"@id\":\"https:\\\/\\\/welti-art.ch\\\/#website\",\"url\":\"https:\\\/\\\/welti-art.ch\\\/\",\"name\":\"welti-art.ch\",\"description\":\"\",\"potentialAction\":[{\"@type\":\"SearchAction\",\"target\":{\"@type\":\"EntryPoint\",\"urlTemplate\":\"https:\\\/\\\/welti-art.ch\\\/?s={search_term_string}\"},\"query-input\":{\"@type\":\"PropertyValueSpecification\",\"valueRequired\":true,\"valueName\":\"search_term_string\"}}],\"inLanguage\":\"it-IT\"}]}<\/script>\n<!-- \/ Yoast SEO plugin. -->","yoast_head_json":{"title":"Thomas Welti | welti-art.ch","description":"Nato nel 1955 e cresciuto a CH-Baden. 1993 ha studiato scultura alla Scuola di design di Zurigo. Ha seguito vari corsi di perfezionamento.","robots":{"index":"index","follow":"follow","max-snippet":"max-snippet:-1","max-image-preview":"max-image-preview:large","max-video-preview":"max-video-preview:-1"},"canonical":"https:\/\/welti-art.ch\/it\/","og_locale":"it_IT","og_type":"article","og_title":"Thomas Welti | welti-art.ch","og_description":"Nato nel 1955 e cresciuto a CH-Baden. 1993 ha studiato scultura alla Scuola di design di Zurigo. Ha seguito vari corsi di perfezionamento.","og_url":"https:\/\/welti-art.ch\/it\/","og_site_name":"welti-art.ch","article_modified_time":"2026-04-19T09:33:41+00:00","og_image":[{"url":"https:\/\/welti-art.ch\/wp-content\/uploads\/2020\/04\/Thomas-Welti_300.jpg","type":"","width":"","height":""}],"twitter_misc":{"Tempo di lettura stimato":"2 minuti"},"schema":{"@context":"https:\/\/schema.org","@graph":[{"@type":"WebPage","@id":"https:\/\/welti-art.ch\/it\/","url":"https:\/\/welti-art.ch\/it\/","name":"Thomas Welti | welti-art.ch","isPartOf":{"@id":"https:\/\/welti-art.ch\/#website"},"primaryImageOfPage":{"@id":"https:\/\/welti-art.ch\/it\/#primaryimage"},"image":{"@id":"https:\/\/welti-art.ch\/it\/#primaryimage"},"thumbnailUrl":"https:\/\/welti-art.ch\/wp-content\/uploads\/2020\/04\/Thomas-Welti_300.jpg","datePublished":"2020-05-28T12:43:17+00:00","dateModified":"2026-04-19T09:33:41+00:00","description":"Nato nel 1955 e cresciuto a CH-Baden. 1993 ha studiato scultura alla Scuola di design di Zurigo. Ha seguito vari corsi di perfezionamento.","inLanguage":"it-IT","potentialAction":[{"@type":"ReadAction","target":["https:\/\/welti-art.ch\/it\/"]}]},{"@type":"ImageObject","inLanguage":"it-IT","@id":"https:\/\/welti-art.ch\/it\/#primaryimage","url":"https:\/\/welti-art.ch\/wp-content\/uploads\/2020\/04\/Thomas-Welti_300.jpg","contentUrl":"https:\/\/welti-art.ch\/wp-content\/uploads\/2020\/04\/Thomas-Welti_300.jpg"},{"@type":"WebSite","@id":"https:\/\/welti-art.ch\/#website","url":"https:\/\/welti-art.ch\/","name":"welti-art.ch","description":"","potentialAction":[{"@type":"SearchAction","target":{"@type":"EntryPoint","urlTemplate":"https:\/\/welti-art.ch\/?s={search_term_string}"},"query-input":{"@type":"PropertyValueSpecification","valueRequired":true,"valueName":"search_term_string"}}],"inLanguage":"it-IT"}]}},"_links":{"self":[{"href":"https:\/\/welti-art.ch\/it\/wp-json\/wp\/v2\/pages\/2077","targetHints":{"allow":["GET"]}}],"collection":[{"href":"https:\/\/welti-art.ch\/it\/wp-json\/wp\/v2\/pages"}],"about":[{"href":"https:\/\/welti-art.ch\/it\/wp-json\/wp\/v2\/types\/page"}],"author":[{"embeddable":true,"href":"https:\/\/welti-art.ch\/it\/wp-json\/wp\/v2\/users\/3"}],"replies":[{"embeddable":true,"href":"https:\/\/welti-art.ch\/it\/wp-json\/wp\/v2\/comments?post=2077"}],"version-history":[{"count":18,"href":"https:\/\/welti-art.ch\/it\/wp-json\/wp\/v2\/pages\/2077\/revisions"}],"predecessor-version":[{"id":7590,"href":"https:\/\/welti-art.ch\/it\/wp-json\/wp\/v2\/pages\/2077\/revisions\/7590"}],"wp:attachment":[{"href":"https:\/\/welti-art.ch\/it\/wp-json\/wp\/v2\/media?parent=2077"}],"curies":[{"name":"wp","href":"https:\/\/api.w.org\/{rel}","templated":true}]}}