{"id":2285,"date":"2020-05-28T19:37:15","date_gmt":"2020-05-28T17:37:15","guid":{"rendered":"https:\/\/welti-art.ch\/?page_id=2285"},"modified":"2024-04-26T19:56:16","modified_gmt":"2024-04-26T17:56:16","slug":"book-publishing","status":"publish","type":"page","link":"https:\/\/welti-art.ch\/en\/book-publishing\/","title":{"rendered":"Book Publishing"},"content":{"rendered":"\n<h3 class=\"wp-block-heading\">Book Publishing<br><\/h3>\n\n\n\n<hr class=\"wp-block-separator has-text-color has-css-opacity has-background is-style-wide\" style=\"background-color:#999999;color:#999999\"\/>\n\n\n\n<h3 class=\"wp-block-heading\">Thomas Welti<\/h3>\n\n\n\n<div class=\"wp-block-columns is-layout-flex wp-container-core-columns-is-layout-9d6595d7 wp-block-columns-is-layout-flex\">\n<div class=\"wp-block-column is-layout-flow wp-block-column-is-layout-flow\" style=\"flex-basis:33.33%\">\n<p><strong><strong>KUNST TRAUM WELT (I)<\/strong><\/strong><br>Kunstbuch von Thomas Welti<br>100 Seiten, Gr\u00f6sse 21 x 21 cm, Hardcover, 2024<\/p>\n\n\n\n<p>Preis: CHF&nbsp; 45.\u2013 <br>inkl. Verpackung und Versand Europa<\/p>\n\n\n\n<p><\/p>\n<\/div>\n\n\n\n<div class=\"wp-block-column is-layout-flow wp-block-column-is-layout-flow\" style=\"flex-basis:66.66%\">\n<figure class=\"wp-block-image size-full is-resized\"><img loading=\"lazy\" decoding=\"async\" width=\"1000\" height=\"1000\" src=\"https:\/\/welti-art.ch\/wp-content\/uploads\/2024\/03\/Editionen_2024_KUNSTRAUMWELT.jpg\" alt=\"\" class=\"wp-image-5665\" style=\"width:400px\" srcset=\"https:\/\/welti-art.ch\/wp-content\/uploads\/2024\/03\/Editionen_2024_KUNSTRAUMWELT.jpg 1000w, https:\/\/welti-art.ch\/wp-content\/uploads\/2024\/03\/Editionen_2024_KUNSTRAUMWELT-300x300.jpg 300w, https:\/\/welti-art.ch\/wp-content\/uploads\/2024\/03\/Editionen_2024_KUNSTRAUMWELT-150x150.jpg 150w, https:\/\/welti-art.ch\/wp-content\/uploads\/2024\/03\/Editionen_2024_KUNSTRAUMWELT-768x768.jpg 768w\" sizes=\"auto, (max-width: 1000px) 100vw, 1000px\" \/><\/figure>\n<\/div>\n<\/div>\n\n\n\n<hr class=\"wp-block-separator has-text-color has-css-opacity has-background is-style-wide\" style=\"background-color:#999999;color:#999999\"\/>\n\n\n\n<div class=\"wp-block-columns is-layout-flex wp-container-core-columns-is-layout-9d6595d7 wp-block-columns-is-layout-flex\">\n<div class=\"wp-block-column is-layout-flow wp-block-column-is-layout-flow\" style=\"flex-basis:33.33%\">\n<p><strong>MAGIC LOVE<\/strong><br>Booklet \u00fcber die Werk-Serie \u2013 Magiclove<br>40 Seiten, Gr\u00f6sse 10,5 x 10,5 cm <br>(analog, Pixi-B\u00fccher), 2024<\/p>\n\n\n\n<p>Preis: CHF 12.\u2013<br>inkl. Verpackung und Versand Europa<\/p>\n<\/div>\n\n\n\n<div class=\"wp-block-column is-layout-flow wp-block-column-is-layout-flow\" style=\"flex-basis:66.66%\">\n<figure class=\"wp-block-image size-full is-resized\"><img loading=\"lazy\" decoding=\"async\" width=\"1000\" height=\"1000\" src=\"https:\/\/welti-art.ch\/wp-content\/uploads\/2024\/03\/Editionen_2024_Magic-Love.jpg\" alt=\"\" class=\"wp-image-5668\" style=\"width:400px\" srcset=\"https:\/\/welti-art.ch\/wp-content\/uploads\/2024\/03\/Editionen_2024_Magic-Love.jpg 1000w, https:\/\/welti-art.ch\/wp-content\/uploads\/2024\/03\/Editionen_2024_Magic-Love-300x300.jpg 300w, https:\/\/welti-art.ch\/wp-content\/uploads\/2024\/03\/Editionen_2024_Magic-Love-150x150.jpg 150w, https:\/\/welti-art.ch\/wp-content\/uploads\/2024\/03\/Editionen_2024_Magic-Love-768x768.jpg 768w\" sizes=\"auto, (max-width: 1000px) 100vw, 1000px\" \/><\/figure>\n<\/div>\n<\/div>\n\n\n\n<hr class=\"wp-block-separator has-text-color has-css-opacity has-background is-style-wide\" style=\"background-color:#999999;color:#999999\"\/>\n\n\n\n<div class=\"wp-block-columns is-layout-flex wp-container-core-columns-is-layout-9d6595d7 wp-block-columns-is-layout-flex\">\n<div class=\"wp-block-column is-layout-flow wp-block-column-is-layout-flow\" style=\"flex-basis:33.33%\">\n<p><strong>Katalog Thomas Welti<\/strong><br>anl\u00e4sslich Swissartexpo 2022<br>Eventhalle Z\u00fcrich<br>Bestellung: ISBN 978-3-0366-0105-2<br>*CHF 25.\u2013<br>*excl. Porto &amp; Verpackung<br><br><a href=\"https:\/\/indd.adobe.com\/view\/dbaf1a3f-43f1-4d8d-b1a0-b8f3f8d17c0a\" target=\"_blank\" rel=\"noreferrer noopener\">Book view<\/a><\/p>\n<\/div>\n\n\n\n<div class=\"wp-block-column is-layout-flow wp-block-column-is-layout-flow\" style=\"flex-basis:66.66%\">\n<figure class=\"wp-block-image size-full is-resized\"><img loading=\"lazy\" decoding=\"async\" width=\"1020\" height=\"1021\" src=\"https:\/\/welti-art.ch\/wp-content\/uploads\/2022\/08\/Swissartexpo_2022.jpg\" alt=\"\" class=\"wp-image-4424\" style=\"width:400px\" srcset=\"https:\/\/welti-art.ch\/wp-content\/uploads\/2022\/08\/Swissartexpo_2022.jpg 1020w, https:\/\/welti-art.ch\/wp-content\/uploads\/2022\/08\/Swissartexpo_2022-300x300.jpg 300w, https:\/\/welti-art.ch\/wp-content\/uploads\/2022\/08\/Swissartexpo_2022-150x150.jpg 150w, https:\/\/welti-art.ch\/wp-content\/uploads\/2022\/08\/Swissartexpo_2022-768x769.jpg 768w\" sizes=\"auto, (max-width: 1020px) 100vw, 1020px\" \/><\/figure>\n<\/div>\n<\/div>\n\n\n\n<hr class=\"wp-block-separator has-text-color has-css-opacity has-background is-style-wide\" style=\"background-color:#999999;color:#999999\"\/>\n\n\n\n<div class=\"wp-block-columns is-layout-flex wp-container-core-columns-is-layout-9d6595d7 wp-block-columns-is-layout-flex\">\n<div class=\"wp-block-column is-layout-flow wp-block-column-is-layout-flow\" style=\"flex-basis:33.33%\">\n<p><strong>Die Monolithe<br>von Thomas Welti<\/strong><br>Katalog 2013, 50 Seiten, Gr\u00f6sse A4,<br>anl\u00e4sslich Einweihung der<br>Monolithe, bei der Firma<br>Wilken Software Group, D-Ulm<br>Kosten CHF 30, inkl. Versand Europa<\/p>\n\n\n\n<p><\/p>\n<\/div>\n\n\n\n<div class=\"wp-block-column is-layout-flow wp-block-column-is-layout-flow\" style=\"flex-basis:66.66%\">\n<figure class=\"wp-block-image size-large\"><img loading=\"lazy\" decoding=\"async\" width=\"400\" height=\"584\" src=\"https:\/\/welti-art.ch\/wp-content\/uploads\/2022\/01\/Die-Monolithe-von-Thomas-Welti_Buch.jpg\" alt=\"\" class=\"wp-image-3934\" srcset=\"https:\/\/welti-art.ch\/wp-content\/uploads\/2022\/01\/Die-Monolithe-von-Thomas-Welti_Buch.jpg 400w, https:\/\/welti-art.ch\/wp-content\/uploads\/2022\/01\/Die-Monolithe-von-Thomas-Welti_Buch-205x300.jpg 205w\" sizes=\"auto, (max-width: 400px) 100vw, 400px\" \/><\/figure>\n<\/div>\n<\/div>\n\n\n\n<hr class=\"wp-block-separator has-text-color has-css-opacity has-background is-style-wide\" style=\"background-color:#999999;color:#999999\"\/>\n\n\n\n<div class=\"wp-block-columns is-layout-flex wp-container-core-columns-is-layout-9d6595d7 wp-block-columns-is-layout-flex\">\n<div class=\"wp-block-column is-layout-flow wp-block-column-is-layout-flow\" style=\"flex-basis:33.33%\">\n<p><strong>Katalog Thomas Welti<\/strong><br>20 Seiten, Gr\u00f6sse 21 x 21 cm<br>Katalog anl\u00e4sslich Swissartexpo 2021<br>Z\u00fcrich HB<br>Bestellung: ISBN 978-3-03899-805-1<br>Kosten CHF 25.00, inkl. Versand Europa<\/p>\n<\/div>\n\n\n\n<div class=\"wp-block-column is-layout-flow wp-block-column-is-layout-flow\" style=\"flex-basis:66.66%\">\n<figure class=\"wp-block-image size-large is-resized\"><img loading=\"lazy\" decoding=\"async\" width=\"800\" height=\"801\" src=\"https:\/\/welti-art.ch\/wp-content\/uploads\/2021\/09\/Buchedition_Katalog_Thomas-Welti.jpg\" alt=\"\" class=\"wp-image-3654\" style=\"width:400px\" srcset=\"https:\/\/welti-art.ch\/wp-content\/uploads\/2021\/09\/Buchedition_Katalog_Thomas-Welti.jpg 800w, https:\/\/welti-art.ch\/wp-content\/uploads\/2021\/09\/Buchedition_Katalog_Thomas-Welti-300x300.jpg 300w, https:\/\/welti-art.ch\/wp-content\/uploads\/2021\/09\/Buchedition_Katalog_Thomas-Welti-150x150.jpg 150w, https:\/\/welti-art.ch\/wp-content\/uploads\/2021\/09\/Buchedition_Katalog_Thomas-Welti-768x769.jpg 768w\" sizes=\"auto, (max-width: 800px) 100vw, 800px\" \/><\/figure>\n<\/div>\n<\/div>\n\n\n\n<hr class=\"wp-block-separator has-text-color has-css-opacity has-background is-style-wide\" style=\"background-color:#999999;color:#999999\"\/>\n\n\n\n<p><strong>Forms with energie&amp;elegance<\/strong><\/p>\n\n\n\n<figure class=\"wp-block-image size-large\"><img loading=\"lazy\" decoding=\"async\" width=\"887\" height=\"400\" src=\"https:\/\/welti-art.ch\/wp-content\/uploads\/2020\/05\/energy_elegance_Buch.jpg\" alt=\"\" class=\"wp-image-2009\" srcset=\"https:\/\/welti-art.ch\/wp-content\/uploads\/2020\/05\/energy_elegance_Buch.jpg 887w, https:\/\/welti-art.ch\/wp-content\/uploads\/2020\/05\/energy_elegance_Buch-300x135.jpg 300w, https:\/\/welti-art.ch\/wp-content\/uploads\/2020\/05\/energy_elegance_Buch-768x346.jpg 768w\" sizes=\"auto, (max-width: 887px) 100vw, 887px\" \/><\/figure>\n\n\n\n<p>Kosten CHF 12.\u2013, inkl. Versand Europa<\/p>\n\n\n\n<hr class=\"wp-block-separator has-text-color has-css-opacity has-background is-style-wide\" style=\"background-color:#999999;color:#999999\"\/>\n\n\n\n<p><strong>corpi umani<\/strong>\n<strong>menschenk\u00f6rper<\/strong><\/p>\n\n\n\n<div class=\"wp-block-columns is-layout-flex wp-container-core-columns-is-layout-9d6595d7 wp-block-columns-is-layout-flex\">\n<div class=\"wp-block-column is-layout-flow wp-block-column-is-layout-flow\" style=\"flex-basis:33.33%\">\n<figure class=\"wp-block-image size-large\"><img loading=\"lazy\" decoding=\"async\" width=\"250\" height=\"248\" src=\"https:\/\/welti-art.ch\/wp-content\/uploads\/2015\/09\/Cover.jpg\" alt=\"\" class=\"wp-image-767\" srcset=\"https:\/\/welti-art.ch\/wp-content\/uploads\/2015\/09\/Cover.jpg 250w, https:\/\/welti-art.ch\/wp-content\/uploads\/2015\/09\/Cover-150x150.jpg 150w\" sizes=\"auto, (max-width: 250px) 100vw, 250px\" \/><\/figure>\n\n\n\n<p>Kosten CHF 45.\u2013,<br>(zuz\u00fcglich Porto und Verpackung)<\/p>\n<\/div>\n\n\n\n<div class=\"wp-block-column is-layout-flow wp-block-column-is-layout-flow\" style=\"flex-basis:66.66%\">\n<p><em>Die Landschaft mit ihren Formen, das Klima, der einzigartige Fundus an Kunst und Geschichte, die Materialien &#8211; Marmor, Alabaster. Kurz: Hier fand ich den idealen Ort, um k\u00fcnstlerisch t\u00e4tig zu sein.&#8221; Welti kam mit gut vierzig Jahren in einem Land an, von dem er &#8211; mehr diffus als konkret &#8211; ein Leben lang getr\u00e4umt hatte. Ein Ort, der ihm Ruhe und den Freiraum gab, Kunst &#8211; seine Kunst &#8211; zu machen.<\/em>\nUrs Tremp<\/p>\n\n\n\n<p><em>Seine liegenden weiblichen Skulpturen mit ihrem lebendigen Rhythmus weicher Formen und einladender H\u00f6hlungen lassen unmittelbar an die grossen Werke von Henry Moore denken, und eine Gruppe stehender Figuren macht auf die gl\u00e4nzend weissen &#8220;Sieben Weisen&#8221; von Melotti aufmerksam.<\/em>\nAntonella Capitanio<\/p>\n\n\n\n<p><em>Die Kunst, die sich vornehmlich einem Thema widmet, dem menschlichen K\u00f6rper, den er immer wieder auf das Wesentliche reduziert, oft als Torso, als Fragment darstellt. Damit erwartet, ja verlangt er vom Betrachter eine ganz pers\u00f6nliche Interpretation. Das Weggelassene soll erahnt werden, das Werk des K\u00fcnstlers soll anregen zum eigenen Schaffen in der Fantasie.<\/em>\nJosef Kalt<\/p>\n<\/div>\n<\/div>\n\n\n\n<hr class=\"wp-block-separator has-text-color has-css-opacity has-background is-style-wide\" style=\"background-color:#999999;color:#999999\"\/>\n\n\n\n<p><strong>Order form<\/strong><\/p>\n\n\n\n\n<div class=\"wpcf7 no-js\" id=\"wpcf7-f770-o1\" lang=\"it-IT\" dir=\"ltr\" data-wpcf7-id=\"770\">\n<div class=\"screen-reader-response\"><p role=\"status\" aria-live=\"polite\" aria-atomic=\"true\"><\/p> <ul><\/ul><\/div>\n<form action=\"\/en\/wp-json\/wp\/v2\/pages\/2285#wpcf7-f770-o1\" method=\"post\" class=\"wpcf7-form init\" aria-label=\"Modulo di contatto\" novalidate=\"novalidate\" data-status=\"init\">\n<fieldset class=\"hidden-fields-container\"><input type=\"hidden\" name=\"_wpcf7\" value=\"770\" \/><input type=\"hidden\" name=\"_wpcf7_version\" value=\"6.1.5\" \/><input type=\"hidden\" name=\"_wpcf7_locale\" value=\"it_IT\" \/><input type=\"hidden\" name=\"_wpcf7_unit_tag\" value=\"wpcf7-f770-o1\" \/><input type=\"hidden\" name=\"_wpcf7_container_post\" value=\"0\" \/><input type=\"hidden\" name=\"_wpcf7_posted_data_hash\" value=\"\" \/>\n<\/fieldset>\n<p>Ich bestelle gegen Rechnung <span class=\"wpcf7-form-control-wrap\" data-name=\"number-834\"><input class=\"wpcf7-form-control wpcf7-number wpcf7-validates-as-number\" aria-invalid=\"false\" placeholder=\"0\" value=\"\" type=\"number\" name=\"number-834\" \/><\/span> Exemplar(e) des Bandes \"KUNST TRAUM WELT (I)\" 100 Seiten, Gr\u00f6sse 21 x 21 cm,Hardcover, 2024 \u2013 Kunstbuch von Thomas Welti, zum Preis von CHF 45.\u2013, inkl.Verpackung und Versand Europa\n<\/p>\n<p>Ich bestelle gegen Rechnung <span class=\"wpcf7-form-control-wrap\" data-name=\"number-912\"><input class=\"wpcf7-form-control wpcf7-number wpcf7-validates-as-number\" aria-invalid=\"false\" placeholder=\"0\" value=\"\" type=\"number\" name=\"number-912\" \/><\/span> Exemplar des Bandes \"MAGIC LOVE\" Booklet \u00fcber die Werk-Serie, Magiclove, 40 Seiten, Gr\u00f6sse 10,5 x 10,5 cm (analog, Pixi-B\u00fccher), 2024 \u2013 Preis: CHF 12.\u2013, inkl.Verpackung und Versand Europa\n<\/p>\n<p>Ich bestelle gegen Rechnung <span class=\"wpcf7-form-control-wrap\" data-name=\"number-25\"><input class=\"wpcf7-form-control wpcf7-number wpcf7-validates-as-number\" aria-invalid=\"false\" placeholder=\"0\" value=\"\" type=\"number\" name=\"number-25\" \/><\/span> Exemplar(e) des Bandes \"Thomas Welti - Swissartexpo 2022\" zum Preis von CHF 25.\u2013 (zuz\u00fcglich Porto + Verpackung)\n<\/p>\n<p>Ich bestelle gegen Rechnung <span class=\"wpcf7-form-control-wrap\" data-name=\"number-870\"><input class=\"wpcf7-form-control wpcf7-number wpcf7-validates-as-number\" aria-invalid=\"false\" placeholder=\"0\" value=\"\" type=\"number\" name=\"number-870\" \/><\/span> Exemplar des Buchess \"Die Monolithe von Thomas Welti\" zum Preis von CHF 30.\u2013, inkl. Versand Europa\n<\/p>\n<p>Ich bestelle gegen Rechnung <span class=\"wpcf7-form-control-wrap\" data-name=\"number-911\"><input class=\"wpcf7-form-control wpcf7-number wpcf7-validates-as-number\" aria-invalid=\"false\" placeholder=\"0\" value=\"\" type=\"number\" name=\"number-911\" \/><\/span> Exemplar des Kataloges \"Katalog anl\u00e4sslich Swissartexpo 2021\" zum Preis von CHF 25.\u2013, inkl. Versand Europa\n<\/p>\n<p>Ich bestelle gegen Rechnung <span class=\"wpcf7-form-control-wrap\" data-name=\"number-534\"><input class=\"wpcf7-form-control wpcf7-number wpcf7-validates-as-number\" aria-invalid=\"false\" placeholder=\"0\" value=\"\" type=\"number\" name=\"number-534\" \/><\/span> Exemplar des Buches\"Forms with energie&elegance\" zum Preis von CHF 12.\u2013, inkl. Versand Europa\n<\/p>\n<p>Ich bestelle gegen Rechnung <span class=\"wpcf7-form-control-wrap\" data-name=\"number-380\"><input class=\"wpcf7-form-control wpcf7-number wpcf7-validates-as-number\" aria-invalid=\"false\" placeholder=\"0\" value=\"\" type=\"number\" name=\"number-380\" \/><\/span> Exemplar(e) des Bandes \"Thomas Welti - Corpi umani \u2013 Menschenk\u00f6rper\" zum Preis von CHF 45.\u2013\/Euro 30.\u2013 (zuz\u00fcglich Porto + Verpackung)\n<\/p>\n<p>Vorname<br \/>\n(Pflichtfeld)<br \/>\n<span class=\"wpcf7-form-control-wrap\" data-name=\"Vorname\"><input size=\"40\" maxlength=\"400\" class=\"wpcf7-form-control wpcf7-text wpcf7-validates-as-required\" aria-required=\"true\" aria-invalid=\"false\" value=\"\" type=\"text\" name=\"Vorname\" \/><\/span>\n<\/p>\n<p>Name<br \/>\n(Pflichtfeld)<br \/>\n<span class=\"wpcf7-form-control-wrap\" data-name=\"Name\"><input size=\"40\" maxlength=\"400\" class=\"wpcf7-form-control wpcf7-text wpcf7-validates-as-required\" aria-required=\"true\" aria-invalid=\"false\" value=\"\" type=\"text\" name=\"Name\" \/><\/span>\n<\/p>\n<p>Strasse<br \/>\n(Pflichtfeld)<br \/>\n<span class=\"wpcf7-form-control-wrap\" data-name=\"Strasse\"><input size=\"40\" maxlength=\"400\" class=\"wpcf7-form-control wpcf7-text wpcf7-validates-as-required\" aria-required=\"true\" aria-invalid=\"false\" value=\"\" type=\"text\" name=\"Strasse\" \/><\/span>\n<\/p>\n<p>PLZ, Ort<br \/>\n(Pflichtfeld)<br \/>\n<span class=\"wpcf7-form-control-wrap\" data-name=\"PLZ\"><input size=\"40\" maxlength=\"400\" class=\"wpcf7-form-control wpcf7-text wpcf7-validates-as-required\" aria-required=\"true\" aria-invalid=\"false\" value=\"\" type=\"text\" name=\"PLZ\" \/><\/span>\n<\/p>\n<p>Land<br \/>\n(Pflichtfeld)<br \/>\n<span class=\"wpcf7-form-control-wrap\" data-name=\"Land\"><input size=\"40\" maxlength=\"400\" class=\"wpcf7-form-control wpcf7-text wpcf7-validates-as-required\" aria-required=\"true\" aria-invalid=\"false\" value=\"\" type=\"text\" name=\"Land\" \/><\/span>\n<\/p>\n<p>Telefon\n<\/p>\n<p><span class=\"wpcf7-form-control-wrap\" data-name=\"Telefon\"><input size=\"40\" maxlength=\"400\" class=\"wpcf7-form-control wpcf7-tel wpcf7-text wpcf7-validates-as-tel\" aria-invalid=\"false\" value=\"\" type=\"tel\" name=\"Telefon\" \/><\/span>\n<\/p>\n<p>E-mail<br \/>\n(Pflichtfeld)<br \/>\n<span class=\"wpcf7-form-control-wrap\" data-name=\"Mail\"><input size=\"40\" maxlength=\"400\" class=\"wpcf7-form-control wpcf7-email wpcf7-validates-as-required wpcf7-text wpcf7-validates-as-email\" aria-required=\"true\" aria-invalid=\"false\" value=\"\" type=\"email\" name=\"Mail\" \/><\/span>\n<\/p>\n<p>Ihre Nachricht\n<\/p>\n<p><span class=\"wpcf7-form-control-wrap\" data-name=\"textarea-485\"><textarea cols=\"40\" rows=\"10\" maxlength=\"2000\" class=\"wpcf7-form-control wpcf7-textarea\" aria-invalid=\"false\" name=\"textarea-485\"><\/textarea><\/span>\n<\/p>\n<p><span id=\"wpcf7-69eb6a0437a78-wrapper\" class=\"wpcf7-form-control-wrap email-wrap\" style=\"display:none !important; visibility:hidden !important;\"><label for=\"wpcf7-69eb6a0437a78-field\" class=\"hp-message\">Si prega di lasciare vuoto questo campo.<\/label><input id=\"wpcf7-69eb6a0437a78-field\"  class=\"wpcf7-form-control wpcf7-text\" type=\"text\" name=\"email\" value=\"\" size=\"40\" tabindex=\"-1\" autocomplete=\"new-password\" \/><\/span>\n<\/p>\n<p><input class=\"wpcf7-form-control wpcf7-submit has-spinner\" type=\"submit\" value=\"Senden\" \/>\n<\/p><div class=\"wpcf7-response-output\" aria-hidden=\"true\"><\/div>\n<\/form>\n<\/div>\n\n","protected":false},"excerpt":{"rendered":"<p>Book Publishing Thomas Welti KUNST TRAUM WELT (I)Kunstbuch von Thomas Welti100 Seiten, Gr\u00f6sse 21 x 21 cm, Hardcover, 2024 Preis: CHF&nbsp; 45.\u2013 inkl. Verpackung und Versand Europa MAGIC LOVEBooklet \u00fcber die Werk-Serie \u2013 Magiclove40 Seiten, Gr\u00f6sse 10,5 x 10,5 cm (analog, Pixi-B\u00fccher), 2024 Preis: CHF 12.\u2013inkl. &hellip; <\/p>\n<p><a href=\"https:\/\/welti-art.ch\/en\/book-publishing\/\" class=\"more-link\"><span class=\"morelink-icon\">Read more<\/span><\/a><\/p>\n","protected":false},"author":3,"featured_media":0,"parent":0,"menu_order":0,"comment_status":"closed","ping_status":"closed","template":"page-templates\/full-width.php","meta":{"_exactmetrics_skip_tracking":false,"_exactmetrics_sitenote_active":false,"_exactmetrics_sitenote_note":"","_exactmetrics_sitenote_category":0,"footnotes":""},"class_list":["post-2285","page","type-page","status-publish","hentry"],"yoast_head":"<!-- This site is optimized with the Yoast SEO plugin v27.4 - https:\/\/yoast.com\/product\/yoast-seo-wordpress\/ -->\n<title>Book Publishing | welti-art.ch<\/title>\n<meta name=\"description\" content=\"Book Publishing Thomas Welti KUNST TRAUM WELT (I)Kunstbuch von Thomas Welti100 Seiten, Gr\u00f6sse 21 x 21 cm, Hardcover, 2024 Preis: CHF&nbsp; 45.\u2013 inkl.\" \/>\n<meta name=\"robots\" content=\"index, follow, max-snippet:-1, max-image-preview:large, max-video-preview:-1\" \/>\n<link rel=\"canonical\" href=\"https:\/\/welti-art.ch\/en\/book-publishing\/\" \/>\n<meta property=\"og:locale\" content=\"en_US\" \/>\n<meta property=\"og:type\" content=\"article\" \/>\n<meta property=\"og:title\" content=\"Book Publishing | welti-art.ch\" \/>\n<meta property=\"og:description\" content=\"Book Publishing Thomas Welti KUNST TRAUM WELT (I)Kunstbuch von Thomas Welti100 Seiten, Gr\u00f6sse 21 x 21 cm, Hardcover, 2024 Preis: CHF&nbsp; 45.\u2013 inkl.\" \/>\n<meta property=\"og:url\" content=\"https:\/\/welti-art.ch\/en\/book-publishing\/\" \/>\n<meta property=\"og:site_name\" content=\"welti-art.ch\" \/>\n<meta property=\"article:modified_time\" content=\"2024-04-26T17:56:16+00:00\" \/>\n<meta property=\"og:image\" content=\"https:\/\/welti-art.ch\/wp-content\/uploads\/2024\/03\/Editionen_2024_KUNSTRAUMWELT.jpg\" \/>\n<meta name=\"twitter:label1\" content=\"Est. reading time\" \/>\n\t<meta name=\"twitter:data1\" content=\"4 minutes\" \/>\n<script type=\"application\/ld+json\" class=\"yoast-schema-graph\">{\"@context\":\"https:\\\/\\\/schema.org\",\"@graph\":[{\"@type\":\"WebPage\",\"@id\":\"https:\\\/\\\/welti-art.ch\\\/en\\\/book-publishing\\\/\",\"url\":\"https:\\\/\\\/welti-art.ch\\\/en\\\/book-publishing\\\/\",\"name\":\"Book Publishing | welti-art.ch\",\"isPartOf\":{\"@id\":\"https:\\\/\\\/welti-art.ch\\\/#website\"},\"primaryImageOfPage\":{\"@id\":\"https:\\\/\\\/welti-art.ch\\\/en\\\/book-publishing\\\/#primaryimage\"},\"image\":{\"@id\":\"https:\\\/\\\/welti-art.ch\\\/en\\\/book-publishing\\\/#primaryimage\"},\"thumbnailUrl\":\"https:\\\/\\\/welti-art.ch\\\/wp-content\\\/uploads\\\/2024\\\/03\\\/Editionen_2024_KUNSTRAUMWELT.jpg\",\"datePublished\":\"2020-05-28T17:37:15+00:00\",\"dateModified\":\"2024-04-26T17:56:16+00:00\",\"description\":\"Book Publishing Thomas Welti KUNST TRAUM WELT (I)Kunstbuch von Thomas Welti100 Seiten, Gr\u00f6sse 21 x 21 cm, Hardcover, 2024 Preis: CHF&nbsp; 45.\u2013 inkl.\",\"inLanguage\":\"en-US\",\"potentialAction\":[{\"@type\":\"ReadAction\",\"target\":[\"https:\\\/\\\/welti-art.ch\\\/en\\\/book-publishing\\\/\"]}]},{\"@type\":\"ImageObject\",\"inLanguage\":\"en-US\",\"@id\":\"https:\\\/\\\/welti-art.ch\\\/en\\\/book-publishing\\\/#primaryimage\",\"url\":\"https:\\\/\\\/welti-art.ch\\\/wp-content\\\/uploads\\\/2024\\\/03\\\/Editionen_2024_KUNSTRAUMWELT.jpg\",\"contentUrl\":\"https:\\\/\\\/welti-art.ch\\\/wp-content\\\/uploads\\\/2024\\\/03\\\/Editionen_2024_KUNSTRAUMWELT.jpg\"},{\"@type\":\"WebSite\",\"@id\":\"https:\\\/\\\/welti-art.ch\\\/#website\",\"url\":\"https:\\\/\\\/welti-art.ch\\\/\",\"name\":\"welti-art.ch\",\"description\":\"\",\"potentialAction\":[{\"@type\":\"SearchAction\",\"target\":{\"@type\":\"EntryPoint\",\"urlTemplate\":\"https:\\\/\\\/welti-art.ch\\\/?s={search_term_string}\"},\"query-input\":{\"@type\":\"PropertyValueSpecification\",\"valueRequired\":true,\"valueName\":\"search_term_string\"}}],\"inLanguage\":\"en-US\"}]}<\/script>\n<!-- \/ Yoast SEO plugin. -->","yoast_head_json":{"title":"Book Publishing | welti-art.ch","description":"Book Publishing Thomas Welti KUNST TRAUM WELT (I)Kunstbuch von Thomas Welti100 Seiten, Gr\u00f6sse 21 x 21 cm, Hardcover, 2024 Preis: CHF&nbsp; 45.\u2013 inkl.","robots":{"index":"index","follow":"follow","max-snippet":"max-snippet:-1","max-image-preview":"max-image-preview:large","max-video-preview":"max-video-preview:-1"},"canonical":"https:\/\/welti-art.ch\/en\/book-publishing\/","og_locale":"en_US","og_type":"article","og_title":"Book Publishing | welti-art.ch","og_description":"Book Publishing Thomas Welti KUNST TRAUM WELT (I)Kunstbuch von Thomas Welti100 Seiten, Gr\u00f6sse 21 x 21 cm, Hardcover, 2024 Preis: CHF&nbsp; 45.\u2013 inkl.","og_url":"https:\/\/welti-art.ch\/en\/book-publishing\/","og_site_name":"welti-art.ch","article_modified_time":"2024-04-26T17:56:16+00:00","og_image":[{"url":"https:\/\/welti-art.ch\/wp-content\/uploads\/2024\/03\/Editionen_2024_KUNSTRAUMWELT.jpg","type":"","width":"","height":""}],"twitter_misc":{"Est. reading time":"4 minutes"},"schema":{"@context":"https:\/\/schema.org","@graph":[{"@type":"WebPage","@id":"https:\/\/welti-art.ch\/en\/book-publishing\/","url":"https:\/\/welti-art.ch\/en\/book-publishing\/","name":"Book Publishing | welti-art.ch","isPartOf":{"@id":"https:\/\/welti-art.ch\/#website"},"primaryImageOfPage":{"@id":"https:\/\/welti-art.ch\/en\/book-publishing\/#primaryimage"},"image":{"@id":"https:\/\/welti-art.ch\/en\/book-publishing\/#primaryimage"},"thumbnailUrl":"https:\/\/welti-art.ch\/wp-content\/uploads\/2024\/03\/Editionen_2024_KUNSTRAUMWELT.jpg","datePublished":"2020-05-28T17:37:15+00:00","dateModified":"2024-04-26T17:56:16+00:00","description":"Book Publishing Thomas Welti KUNST TRAUM WELT (I)Kunstbuch von Thomas Welti100 Seiten, Gr\u00f6sse 21 x 21 cm, Hardcover, 2024 Preis: CHF&nbsp; 45.\u2013 inkl.","inLanguage":"en-US","potentialAction":[{"@type":"ReadAction","target":["https:\/\/welti-art.ch\/en\/book-publishing\/"]}]},{"@type":"ImageObject","inLanguage":"en-US","@id":"https:\/\/welti-art.ch\/en\/book-publishing\/#primaryimage","url":"https:\/\/welti-art.ch\/wp-content\/uploads\/2024\/03\/Editionen_2024_KUNSTRAUMWELT.jpg","contentUrl":"https:\/\/welti-art.ch\/wp-content\/uploads\/2024\/03\/Editionen_2024_KUNSTRAUMWELT.jpg"},{"@type":"WebSite","@id":"https:\/\/welti-art.ch\/#website","url":"https:\/\/welti-art.ch\/","name":"welti-art.ch","description":"","potentialAction":[{"@type":"SearchAction","target":{"@type":"EntryPoint","urlTemplate":"https:\/\/welti-art.ch\/?s={search_term_string}"},"query-input":{"@type":"PropertyValueSpecification","valueRequired":true,"valueName":"search_term_string"}}],"inLanguage":"en-US"}]}},"_links":{"self":[{"href":"https:\/\/welti-art.ch\/en\/wp-json\/wp\/v2\/pages\/2285","targetHints":{"allow":["GET"]}}],"collection":[{"href":"https:\/\/welti-art.ch\/en\/wp-json\/wp\/v2\/pages"}],"about":[{"href":"https:\/\/welti-art.ch\/en\/wp-json\/wp\/v2\/types\/page"}],"author":[{"embeddable":true,"href":"https:\/\/welti-art.ch\/en\/wp-json\/wp\/v2\/users\/3"}],"replies":[{"embeddable":true,"href":"https:\/\/welti-art.ch\/en\/wp-json\/wp\/v2\/comments?post=2285"}],"version-history":[{"count":30,"href":"https:\/\/welti-art.ch\/en\/wp-json\/wp\/v2\/pages\/2285\/revisions"}],"predecessor-version":[{"id":5811,"href":"https:\/\/welti-art.ch\/en\/wp-json\/wp\/v2\/pages\/2285\/revisions\/5811"}],"wp:attachment":[{"href":"https:\/\/welti-art.ch\/en\/wp-json\/wp\/v2\/media?parent=2285"}],"curies":[{"name":"wp","href":"https:\/\/api.w.org\/{rel}","templated":true}]}}